{"id":782,"date":"2024-09-03T10:59:40","date_gmt":"2024-09-03T08:59:40","guid":{"rendered":"https:\/\/lesmerveillesdechoupinou.fr\/?page_id=782"},"modified":"2025-06-27T17:42:40","modified_gmt":"2025-06-27T15:42:40","slug":"faq","status":"publish","type":"page","link":"https:\/\/lesmerveillesdechoupinou.fr\/index.php\/faq\/","title":{"rendered":"FAQ"},"content":{"rendered":"\t\t<div data-elementor-type=\"wp-page\" data-elementor-id=\"782\" class=\"elementor elementor-782\">\n\t\t\t\t<div class=\"elementor-element elementor-element-9a284e5 e-flex e-con-boxed e-con e-parent\" data-id=\"9a284e5\" data-element_type=\"container\">\n\t\t\t\t\t<div class=\"e-con-inner\">\n\t\t\t\t<div class=\"elementor-element elementor-element-9d2e88d elementor-widget elementor-widget-text-editor\" data-id=\"9d2e88d\" data-element_type=\"widget\" data-widget_type=\"text-editor.default\">\n\t\t\t\t<div class=\"elementor-widget-container\">\n\t\t\t<style>\/*! elementor - v3.23.0 - 05-08-2024 *\/\n.elementor-widget-text-editor.elementor-drop-cap-view-stacked .elementor-drop-cap{background-color:#69727d;color:#fff}.elementor-widget-text-editor.elementor-drop-cap-view-framed .elementor-drop-cap{color:#69727d;border:3px solid;background-color:transparent}.elementor-widget-text-editor:not(.elementor-drop-cap-view-default) .elementor-drop-cap{margin-top:8px}.elementor-widget-text-editor:not(.elementor-drop-cap-view-default) .elementor-drop-cap-letter{width:1em;height:1em}.elementor-widget-text-editor .elementor-drop-cap{float:left;text-align:center;line-height:1;font-size:50px}.elementor-widget-text-editor .elementor-drop-cap-letter{display:inline-block}<\/style>\t\t\t\t<p><strong>Les cr\u00e9ations sont-elles adapt\u00e9es aux enfants ?\u00a0<\/strong><\/p><p>Oui, elles sont r\u00e9alis\u00e9es avec des fils certifi\u00e9s Oeko-tex \u00ae, garantis sans substances nocives, ainsi qu&rsquo;un rembourrage 100% polyester.\u00a0<\/p><p>Cependant, comme chaque pi\u00e8ce est fabriqu\u00e9e \u00e0 la main avec des mat\u00e9riaux doux et parfois textur\u00e9es, il est recommand\u00e9 de les utiliser sous la surveillance d&rsquo;un adulte, notamment pour les plus petits.\u00a0<\/p><p><strong>Quels mat\u00e9riaux sont utilis\u00e9s ?\u00a0<\/strong><\/p><p>Les peluches sont confectionn\u00e9es en laine chenille ou puffy, toutes deux certifi\u00e9es Oeko-Tex \u00ae, avec un rembourrage 100% polyester. Les accessoires (comme les sacs ou autres articles) sont en coton Oeko-Tex\u00ae \u00e9galement. Cela garantit des mati\u00e8res douces et sans substances nocives adapt\u00e9es \u00e0 un usage quotidien, m\u00eame pour les tout-petits.\u00a0<\/p><p><strong>Comment entretenir les cr\u00e9ations ?\u00a0<\/strong><\/p><p>Afin de pr\u00e9server la forme et la qualit\u00e9 des fibres, je recommande un lavage \u00e0 la main \u00e0 l&rsquo;eau ti\u00e8de avec un savon doux, possible en machine \u00e0 30\u00b0 ou d\u00e9licat, puis un s\u00e9chage \u00e0 plat. Ne pas mettre au s\u00e8che linge.\u00a0<\/p><p><strong>Est-ce possible de personnaliser une cr\u00e9ation ?\u00a0<\/strong><\/p><p>Pour le moment, les cr\u00e9ations ne sont pas personnalisables. Chaque pi\u00e8ce est confectionn\u00e9e selon un mod\u00e8le d\u00e9fini, afin de garantir une finition soign\u00e9e et des d\u00e9lais raisonnables.\u00a0<\/p><p><strong>En combien de temps ma commande est-elle exp\u00e9di\u00e9e ?<\/strong>\u00a0<\/p><p>Votre commande est g\u00e9n\u00e9ralement pr\u00e9par\u00e9e et exp\u00e9di\u00e9e sous 2 \u00e0 3 jours ouvr\u00e9s. Un e-mail de confirmation avec un num\u00e9ro de suivi vous sera envoy\u00e9 d\u00e8s que le colis sera en route.\u00a0<\/p><p><strong>Proposez-vous des emballages cadeaux ?<\/strong>\u00a0<\/p><p>Chaque commande est soigneusement pr\u00e9sent\u00e9e dans un pochon en tissu cousu main, une alternative \u00e9cologique aux emballages jetables. Parfait pour offrir, ou pour s&rsquo;offrir.\u00a0<\/p><p><strong>Que faire si j&rsquo;ai un souci avec ma commande ?\u00a0<\/strong><\/p><p>Si vous avez une question ou rencontrez un souci avec votre commande, n&rsquo;h\u00e9sitez pas \u00e0 me contacter.\u00a0<\/p><p>Vous pouvez m&rsquo;\u00e9crire :<\/p><p>\ud83d\udce9<b> <\/b>Via le formulaire de contact de la boutique<\/p><p>\ud83d\udce7 Par e-mail \u00e0 : lesmerveillesdechoupinou@gmail.com<\/p><p>\ud83d\udcf2 Ou directement sur Instagram : lesmerveillesdechoupinou\u00a0<\/p>\t\t\t\t\t\t<\/div>\n\t\t\t\t<\/div>\n\t\t\t\t\t<\/div>\n\t\t\t\t<\/div>\n\t\t\t\t<\/div>\n\t\t","protected":false},"excerpt":{"rendered":"<p>Les cr\u00e9ations sont-elles adapt\u00e9es aux enfants ?\u00a0 Oui, elles sont r\u00e9alis\u00e9es avec des fils certifi\u00e9s Oeko-tex \u00ae, garantis sans substances [&hellip;]<\/p>\n","protected":false},"author":1,"featured_media":0,"parent":0,"menu_order":0,"comment_status":"closed","ping_status":"closed","template":"","meta":{"site-sidebar-layout":"default","site-content-layout":"","ast-site-content-layout":"","site-content-style":"default","site-sidebar-style":"default","ast-global-header-display":"","ast-banner-title-visibility":"","ast-main-header-display":"","ast-hfb-above-header-display":"","ast-hfb-below-header-display":"","ast-hfb-mobile-header-display":"","site-post-title":"","ast-breadcrumbs-content":"","ast-featured-img":"","footer-sml-layout":"","theme-transparent-header-meta":"","adv-header-id-meta":"","stick-header-meta":"","header-above-stick-meta":"","header-main-stick-meta":"","header-below-stick-meta":"","astra-migrate-meta-layouts":"default","ast-page-background-enabled":"default","ast-page-background-meta":{"desktop":{"background-color":"var(--ast-global-color-4)","background-image":"","background-repeat":"repeat","background-position":"center center","background-size":"auto","background-attachment":"scroll","background-type":"","background-media":"","overlay-type":"","overlay-color":"","overlay-opacity":"","overlay-gradient":""},"tablet":{"background-color":"","background-image":"","background-repeat":"repeat","background-position":"center center","background-size":"auto","background-attachment":"scroll","background-type":"","background-media":"","overlay-type":"","overlay-color":"","overlay-opacity":"","overlay-gradient":""},"mobile":{"background-color":"","background-image":"","background-repeat":"repeat","background-position":"center center","background-size":"auto","background-attachment":"scroll","background-type":"","background-media":"","overlay-type":"","overlay-color":"","overlay-opacity":"","overlay-gradient":""}},"ast-content-background-meta":{"desktop":{"background-color":"var(--ast-global-color-5)","background-image":"","background-repeat":"repeat","background-position":"center center","background-size":"auto","background-attachment":"scroll","background-type":"","background-media":"","overlay-type":"","overlay-color":"","overlay-opacity":"","overlay-gradient":""},"tablet":{"background-color":"var(--ast-global-color-5)","background-image":"","background-repeat":"repeat","background-position":"center center","background-size":"auto","background-attachment":"scroll","background-type":"","background-media":"","overlay-type":"","overlay-color":"","overlay-opacity":"","overlay-gradient":""},"mobile":{"background-color":"var(--ast-global-color-5)","background-image":"","background-repeat":"repeat","background-position":"center center","background-size":"auto","background-attachment":"scroll","background-type":"","background-media":"","overlay-type":"","overlay-color":"","overlay-opacity":"","overlay-gradient":""}},"footnotes":""},"class_list":["post-782","page","type-page","status-publish","hentry"],"yoast_head":"<!-- This site is optimized with the Yoast SEO plugin v23.2 - https:\/\/yoast.com\/wordpress\/plugins\/seo\/ -->\n<title>FAQ - Les merveilles de choupinou<\/title>\n<meta name=\"robots\" content=\"index, follow, max-snippet:-1, max-image-preview:large, max-video-preview:-1\" \/>\n<link rel=\"canonical\" href=\"https:\/\/lesmerveillesdechoupinou.fr\/index.php\/faq\/\" \/>\n<meta property=\"og:locale\" content=\"fr_FR\" \/>\n<meta property=\"og:type\" content=\"article\" \/>\n<meta property=\"og:title\" content=\"FAQ - Les merveilles de choupinou\" \/>\n<meta property=\"og:description\" content=\"Les cr\u00e9ations sont-elles adapt\u00e9es aux enfants ?\u00a0 Oui, elles sont r\u00e9alis\u00e9es avec des fils certifi\u00e9s Oeko-tex \u00ae, garantis sans substances [&hellip;]\" \/>\n<meta property=\"og:url\" content=\"https:\/\/lesmerveillesdechoupinou.fr\/index.php\/faq\/\" \/>\n<meta property=\"og:site_name\" content=\"Les merveilles de choupinou\" \/>\n<meta property=\"article:modified_time\" content=\"2025-06-27T15:42:40+00:00\" \/>\n<meta property=\"og:image\" content=\"https:\/\/lesmerveillesdechoupinou.fr\/wp-content\/uploads\/2024\/07\/Choupinou.png\" \/>\n\t<meta property=\"og:image:width\" content=\"500\" \/>\n\t<meta property=\"og:image:height\" content=\"500\" \/>\n\t<meta property=\"og:image:type\" content=\"image\/png\" \/>\n<meta name=\"twitter:card\" content=\"summary_large_image\" \/>\n<meta name=\"twitter:label1\" content=\"Dur\u00e9e de lecture estim\u00e9e\" \/>\n\t<meta name=\"twitter:data1\" content=\"3 minutes\" \/>\n<script type=\"application\/ld+json\" class=\"yoast-schema-graph\">{\"@context\":\"https:\/\/schema.org\",\"@graph\":[{\"@type\":\"WebPage\",\"@id\":\"https:\/\/lesmerveillesdechoupinou.fr\/index.php\/faq\/\",\"url\":\"https:\/\/lesmerveillesdechoupinou.fr\/index.php\/faq\/\",\"name\":\"FAQ - Les merveilles de choupinou\",\"isPartOf\":{\"@id\":\"https:\/\/lesmerveillesdechoupinou.fr\/#website\"},\"datePublished\":\"2024-09-03T08:59:40+00:00\",\"dateModified\":\"2025-06-27T15:42:40+00:00\",\"breadcrumb\":{\"@id\":\"https:\/\/lesmerveillesdechoupinou.fr\/index.php\/faq\/#breadcrumb\"},\"inLanguage\":\"fr-FR\",\"potentialAction\":[{\"@type\":\"ReadAction\",\"target\":[\"https:\/\/lesmerveillesdechoupinou.fr\/index.php\/faq\/\"]}]},{\"@type\":\"BreadcrumbList\",\"@id\":\"https:\/\/lesmerveillesdechoupinou.fr\/index.php\/faq\/#breadcrumb\",\"itemListElement\":[{\"@type\":\"ListItem\",\"position\":1,\"name\":\"Accueil\",\"item\":\"https:\/\/lesmerveillesdechoupinou.fr\/\"},{\"@type\":\"ListItem\",\"position\":2,\"name\":\"FAQ\"}]},{\"@type\":\"WebSite\",\"@id\":\"https:\/\/lesmerveillesdechoupinou.fr\/#website\",\"url\":\"https:\/\/lesmerveillesdechoupinou.fr\/\",\"name\":\"Les merveilles de choupinou\",\"description\":\"peluche fait main\",\"publisher\":{\"@id\":\"https:\/\/lesmerveillesdechoupinou.fr\/#organization\"},\"alternateName\":\"peluche au crochet\",\"potentialAction\":[{\"@type\":\"SearchAction\",\"target\":{\"@type\":\"EntryPoint\",\"urlTemplate\":\"https:\/\/lesmerveillesdechoupinou.fr\/?s={search_term_string}\"},\"query-input\":\"required name=search_term_string\"}],\"inLanguage\":\"fr-FR\"},{\"@type\":\"Organization\",\"@id\":\"https:\/\/lesmerveillesdechoupinou.fr\/#organization\",\"name\":\"Les merveilles de choupinou\",\"url\":\"https:\/\/lesmerveillesdechoupinou.fr\/\",\"logo\":{\"@type\":\"ImageObject\",\"inLanguage\":\"fr-FR\",\"@id\":\"https:\/\/lesmerveillesdechoupinou.fr\/#\/schema\/logo\/image\/\",\"url\":\"https:\/\/lesmerveillesdechoupinou.fr\/wp-content\/uploads\/2024\/07\/cropped-cropped-Choupinou-1.png\",\"contentUrl\":\"https:\/\/lesmerveillesdechoupinou.fr\/wp-content\/uploads\/2024\/07\/cropped-cropped-Choupinou-1.png\",\"width\":359,\"height\":330,\"caption\":\"Les merveilles de choupinou\"},\"image\":{\"@id\":\"https:\/\/lesmerveillesdechoupinou.fr\/#\/schema\/logo\/image\/\"}}]}<\/script>\n<!-- \/ Yoast SEO plugin. -->","yoast_head_json":{"title":"FAQ - Les merveilles de choupinou","robots":{"index":"index","follow":"follow","max-snippet":"max-snippet:-1","max-image-preview":"max-image-preview:large","max-video-preview":"max-video-preview:-1"},"canonical":"https:\/\/lesmerveillesdechoupinou.fr\/index.php\/faq\/","og_locale":"fr_FR","og_type":"article","og_title":"FAQ - Les merveilles de choupinou","og_description":"Les cr\u00e9ations sont-elles adapt\u00e9es aux enfants ?\u00a0 Oui, elles sont r\u00e9alis\u00e9es avec des fils certifi\u00e9s Oeko-tex \u00ae, garantis sans substances [&hellip;]","og_url":"https:\/\/lesmerveillesdechoupinou.fr\/index.php\/faq\/","og_site_name":"Les merveilles de choupinou","article_modified_time":"2025-06-27T15:42:40+00:00","og_image":[{"width":500,"height":500,"url":"https:\/\/lesmerveillesdechoupinou.fr\/wp-content\/uploads\/2024\/07\/Choupinou.png","type":"image\/png"}],"twitter_card":"summary_large_image","twitter_misc":{"Dur\u00e9e de lecture estim\u00e9e":"3 minutes"},"schema":{"@context":"https:\/\/schema.org","@graph":[{"@type":"WebPage","@id":"https:\/\/lesmerveillesdechoupinou.fr\/index.php\/faq\/","url":"https:\/\/lesmerveillesdechoupinou.fr\/index.php\/faq\/","name":"FAQ - Les merveilles de choupinou","isPartOf":{"@id":"https:\/\/lesmerveillesdechoupinou.fr\/#website"},"datePublished":"2024-09-03T08:59:40+00:00","dateModified":"2025-06-27T15:42:40+00:00","breadcrumb":{"@id":"https:\/\/lesmerveillesdechoupinou.fr\/index.php\/faq\/#breadcrumb"},"inLanguage":"fr-FR","potentialAction":[{"@type":"ReadAction","target":["https:\/\/lesmerveillesdechoupinou.fr\/index.php\/faq\/"]}]},{"@type":"BreadcrumbList","@id":"https:\/\/lesmerveillesdechoupinou.fr\/index.php\/faq\/#breadcrumb","itemListElement":[{"@type":"ListItem","position":1,"name":"Accueil","item":"https:\/\/lesmerveillesdechoupinou.fr\/"},{"@type":"ListItem","position":2,"name":"FAQ"}]},{"@type":"WebSite","@id":"https:\/\/lesmerveillesdechoupinou.fr\/#website","url":"https:\/\/lesmerveillesdechoupinou.fr\/","name":"Les merveilles de choupinou","description":"peluche fait main","publisher":{"@id":"https:\/\/lesmerveillesdechoupinou.fr\/#organization"},"alternateName":"peluche au crochet","potentialAction":[{"@type":"SearchAction","target":{"@type":"EntryPoint","urlTemplate":"https:\/\/lesmerveillesdechoupinou.fr\/?s={search_term_string}"},"query-input":"required name=search_term_string"}],"inLanguage":"fr-FR"},{"@type":"Organization","@id":"https:\/\/lesmerveillesdechoupinou.fr\/#organization","name":"Les merveilles de choupinou","url":"https:\/\/lesmerveillesdechoupinou.fr\/","logo":{"@type":"ImageObject","inLanguage":"fr-FR","@id":"https:\/\/lesmerveillesdechoupinou.fr\/#\/schema\/logo\/image\/","url":"https:\/\/lesmerveillesdechoupinou.fr\/wp-content\/uploads\/2024\/07\/cropped-cropped-Choupinou-1.png","contentUrl":"https:\/\/lesmerveillesdechoupinou.fr\/wp-content\/uploads\/2024\/07\/cropped-cropped-Choupinou-1.png","width":359,"height":330,"caption":"Les merveilles de choupinou"},"image":{"@id":"https:\/\/lesmerveillesdechoupinou.fr\/#\/schema\/logo\/image\/"}}]}},"jetpack_sharing_enabled":true,"_links":{"self":[{"href":"https:\/\/lesmerveillesdechoupinou.fr\/index.php\/wp-json\/wp\/v2\/pages\/782","targetHints":{"allow":["GET"]}}],"collection":[{"href":"https:\/\/lesmerveillesdechoupinou.fr\/index.php\/wp-json\/wp\/v2\/pages"}],"about":[{"href":"https:\/\/lesmerveillesdechoupinou.fr\/index.php\/wp-json\/wp\/v2\/types\/page"}],"author":[{"embeddable":true,"href":"https:\/\/lesmerveillesdechoupinou.fr\/index.php\/wp-json\/wp\/v2\/users\/1"}],"replies":[{"embeddable":true,"href":"https:\/\/lesmerveillesdechoupinou.fr\/index.php\/wp-json\/wp\/v2\/comments?post=782"}],"version-history":[{"count":49,"href":"https:\/\/lesmerveillesdechoupinou.fr\/index.php\/wp-json\/wp\/v2\/pages\/782\/revisions"}],"predecessor-version":[{"id":2210,"href":"https:\/\/lesmerveillesdechoupinou.fr\/index.php\/wp-json\/wp\/v2\/pages\/782\/revisions\/2210"}],"wp:attachment":[{"href":"https:\/\/lesmerveillesdechoupinou.fr\/index.php\/wp-json\/wp\/v2\/media?parent=782"}],"curies":[{"name":"wp","href":"https:\/\/api.w.org\/{rel}","templated":true}]}}