{"id":1491,"date":"2024-11-08T12:59:19","date_gmt":"2024-11-08T11:59:19","guid":{"rendered":"https:\/\/lesmerveillesdechoupinou.fr\/?post_type=product&#038;p=1491"},"modified":"2025-08-10T21:38:48","modified_gmt":"2025-08-10T19:38:48","slug":"souris-grise-avec-robe","status":"publish","type":"product","link":"https:\/\/lesmerveillesdechoupinou.fr\/index.php\/produit\/souris-grise-avec-robe\/","title":{"rendered":"Souris grise &#8211; Robe rose"},"content":{"rendered":"<p><b>Petite souris grise v\u00eatue de sa robe rose en crochet &#8211; Douceur et \u00e9l\u00e9gance<\/b><\/p>\n<p>Craquez pour cette charmante souris grise habill\u00e9e d&rsquo;une jolie robe rose, confectionn\u00e9e enti\u00e8rement \u00e0 la main au crochet ! Avec ses grandes oreilles, son petit noeud blanc et sa tenue color\u00e9e, elle est aussi douce qu&rsquo;attendrissante. Parfaite pour les c\u00e2lins, cette peluche apportera une touche de douceur et d&rsquo;originalit\u00e9 \u00e0 la chambre de votre enfant.<\/p>\n<p>Offrez cette adorable souris pour un moment de tendresse et de complicit\u00e9 !<\/p>\n<p>\ud83e\uddf8<b> \u00a0Composition :<\/b><\/p>\n<p>Elle est con\u00e7ue avec de la laine Oeko tex \u00ae et est remplie d&rsquo;un rembourrage 100% polyester. Ses \u00a0yeux sont des \u00e9l\u00e9ments de s\u00e9curit\u00e9.<\/p>\n<p>\ud83d\udccf<b><span class=\"Apple-converted-space\">\u00a0 <\/span>Dimensions :<\/b><\/p>\n<p>Elle mesure 32 cm.<\/p>\n<p>\ud83d\udca7<b>Conseils\u00a0d&rsquo;entretien :<\/b><\/p>\n<p>Cette petite souris adore les lavages doux ! Je recommande de la laver \u00e0 la main, mais elle peut aussi passer en machine \u00e0 30\u00b0 en mode d\u00e9licat. S\u00e9chez-la \u00e0 plat, et n&rsquo;oubliez pas de lui remettre les bras et les oreilles en place apr\u00e8s son bain.<\/p>\n<p><em>Les teintes peuvent diff\u00e9rer l\u00e9g\u00e8rement selon la luminosit\u00e9 et l&rsquo;angle de prise de vue.\u00a0<\/em><\/p>\n<p>&nbsp;<\/p>\n<p style=\"text-align: center;\"><strong><i>Chaque peluche est fabriqu\u00e9e dans mon atelier avec une attention particuli\u00e8re \u00e0 chaque d\u00e9tail\u00a0\u00bb\u00a0<\/i><\/strong><\/p>\n<p>&nbsp;<\/p>\n","protected":false},"excerpt":{"rendered":"<p>\u00a0\u00bb D\u00e9couvrez une cr\u00e9ation unique et pleine de tendresse, faite \u00e0 la main avec amour dans le Cantal\u00a0\u00bb<\/p>\n<p><b>D\u00e9tails de livraison :\u00a0<\/b><\/p>\n<ul>\n<li>Livraison offerte d\u00e8s 80 \u20ac d&rsquo;achat<\/li>\n<li>Emballage soign\u00e9 et respectueux de l&rsquo;environnement : chaque cr\u00e9ation est gliss\u00e9e dans un pochon enti\u00e8rement fait \u00e0 la main, r\u00e9utilisable pour transporter le go\u00fbter, les chaussons, un doudou ou encore le change de votre enfant.<\/li>\n<li>\u00ab\u00a0Chaque cr\u00e9ation est r\u00e9alis\u00e9e \u00e0 la main sur commande : d\u00e9lai de confection de 8 jours\u00a0\u00bb<\/li>\n<\/ul>\n","protected":false},"featured_media":1492,"comment_status":"open","ping_status":"closed","template":"","meta":{"site-sidebar-layout":"default","site-content-layout":"","ast-site-content-layout":"default","site-content-style":"default","site-sidebar-style":"default","ast-global-header-display":"","ast-banner-title-visibility":"","ast-main-header-display":"","ast-hfb-above-header-display":"","ast-hfb-below-header-display":"","ast-hfb-mobile-header-display":"","site-post-title":"","ast-breadcrumbs-content":"","ast-featured-img":"","footer-sml-layout":"","theme-transparent-header-meta":"default","adv-header-id-meta":"","stick-header-meta":"","header-above-stick-meta":"","header-main-stick-meta":"","header-below-stick-meta":"","astra-migrate-meta-layouts":"set","ast-page-background-enabled":"default","ast-page-background-meta":{"desktop":{"background-color":"var(--ast-global-color-4)","background-image":"","background-repeat":"repeat","background-position":"center center","background-size":"auto","background-attachment":"scroll","background-type":"","background-media":"","overlay-type":"","overlay-color":"","overlay-opacity":"","overlay-gradient":""},"tablet":{"background-color":"","background-image":"","background-repeat":"repeat","background-position":"center center","background-size":"auto","background-attachment":"scroll","background-type":"","background-media":"","overlay-type":"","overlay-color":"","overlay-opacity":"","overlay-gradient":""},"mobile":{"background-color":"","background-image":"","background-repeat":"repeat","background-position":"center center","background-size":"auto","background-attachment":"scroll","background-type":"","background-media":"","overlay-type":"","overlay-color":"","overlay-opacity":"","overlay-gradient":""}},"ast-content-background-meta":{"desktop":{"background-color":"var(--ast-global-color-5)","background-image":"","background-repeat":"repeat","background-position":"center center","background-size":"auto","background-attachment":"scroll","background-type":"","background-media":"","overlay-type":"","overlay-color":"","overlay-opacity":"","overlay-gradient":""},"tablet":{"background-color":"var(--ast-global-color-5)","background-image":"","background-repeat":"repeat","background-position":"center center","background-size":"auto","background-attachment":"scroll","background-type":"","background-media":"","overlay-type":"","overlay-color":"","overlay-opacity":"","overlay-gradient":""},"mobile":{"background-color":"var(--ast-global-color-5)","background-image":"","background-repeat":"repeat","background-position":"center center","background-size":"auto","background-attachment":"scroll","background-type":"","background-media":"","overlay-type":"","overlay-color":"","overlay-opacity":"","overlay-gradient":""}}},"product_cat":[21],"product_tag":[],"class_list":{"0":"post-1491","1":"product","2":"type-product","3":"status-publish","4":"has-post-thumbnail","6":"product_cat-les-peluches","7":"desktop-align-left","8":"tablet-align-left","9":"mobile-align-left","11":"first","12":"instock","13":"shipping-taxable","14":"purchasable","15":"product-type-simple"},"yoast_head":"<!-- This site is optimized with the Yoast SEO plugin v23.2 - https:\/\/yoast.com\/wordpress\/plugins\/seo\/ -->\n<title>Souris grise - Robe rose - Les merveilles de choupinou<\/title>\n<meta name=\"robots\" content=\"index, follow, max-snippet:-1, max-image-preview:large, max-video-preview:-1\" \/>\n<link rel=\"canonical\" href=\"https:\/\/lesmerveillesdechoupinou.fr\/index.php\/produit\/souris-grise-avec-robe\/\" \/>\n<meta property=\"og:locale\" content=\"fr_FR\" \/>\n<meta property=\"og:type\" content=\"article\" \/>\n<meta property=\"og:title\" content=\"Souris grise - Robe rose - Les merveilles de choupinou\" \/>\n<meta property=\"og:description\" content=\"&quot; D\u00e9couvrez une cr\u00e9ation unique et pleine de tendresse, faite \u00e0 la main avec amour dans le Cantal&quot;  D\u00e9tails de livraison :\u00a0   Livraison offerte d\u00e8s 80 \u20ac d&#039;achat  Emballage soign\u00e9 et respectueux de l&#039;environnement : chaque cr\u00e9ation est gliss\u00e9e dans un pochon enti\u00e8rement fait \u00e0 la main, r\u00e9utilisable pour transporter le go\u00fbter, les chaussons, un doudou ou encore le change de votre enfant.  &quot;Chaque cr\u00e9ation est r\u00e9alis\u00e9e \u00e0 la main sur commande : d\u00e9lai de confection de 8 jours&quot;\" \/>\n<meta property=\"og:url\" content=\"https:\/\/lesmerveillesdechoupinou.fr\/index.php\/produit\/souris-grise-avec-robe\/\" \/>\n<meta property=\"og:site_name\" content=\"Les merveilles de choupinou\" \/>\n<meta property=\"article:modified_time\" content=\"2025-08-10T19:38:48+00:00\" \/>\n<meta property=\"og:image\" content=\"https:\/\/lesmerveillesdechoupinou.fr\/wp-content\/uploads\/2024\/11\/image0000041-2.jpeg\" \/>\n\t<meta property=\"og:image:width\" content=\"848\" \/>\n\t<meta property=\"og:image:height\" content=\"1131\" \/>\n\t<meta property=\"og:image:type\" content=\"image\/jpeg\" \/>\n<meta name=\"twitter:card\" content=\"summary_large_image\" \/>\n<meta name=\"twitter:label1\" content=\"Dur\u00e9e de lecture estim\u00e9e\" \/>\n\t<meta name=\"twitter:data1\" content=\"2 minutes\" \/>\n<script type=\"application\/ld+json\" class=\"yoast-schema-graph\">{\"@context\":\"https:\/\/schema.org\",\"@graph\":[{\"@type\":\"WebPage\",\"@id\":\"https:\/\/lesmerveillesdechoupinou.fr\/index.php\/produit\/souris-grise-avec-robe\/\",\"url\":\"https:\/\/lesmerveillesdechoupinou.fr\/index.php\/produit\/souris-grise-avec-robe\/\",\"name\":\"Souris grise - Robe rose - Les merveilles de choupinou\",\"isPartOf\":{\"@id\":\"https:\/\/lesmerveillesdechoupinou.fr\/#website\"},\"primaryImageOfPage\":{\"@id\":\"https:\/\/lesmerveillesdechoupinou.fr\/index.php\/produit\/souris-grise-avec-robe\/#primaryimage\"},\"image\":{\"@id\":\"https:\/\/lesmerveillesdechoupinou.fr\/index.php\/produit\/souris-grise-avec-robe\/#primaryimage\"},\"thumbnailUrl\":\"https:\/\/lesmerveillesdechoupinou.fr\/wp-content\/uploads\/2024\/11\/image0000041-2.jpeg\",\"datePublished\":\"2024-11-08T11:59:19+00:00\",\"dateModified\":\"2025-08-10T19:38:48+00:00\",\"breadcrumb\":{\"@id\":\"https:\/\/lesmerveillesdechoupinou.fr\/index.php\/produit\/souris-grise-avec-robe\/#breadcrumb\"},\"inLanguage\":\"fr-FR\",\"potentialAction\":[{\"@type\":\"ReadAction\",\"target\":[\"https:\/\/lesmerveillesdechoupinou.fr\/index.php\/produit\/souris-grise-avec-robe\/\"]}]},{\"@type\":\"ImageObject\",\"inLanguage\":\"fr-FR\",\"@id\":\"https:\/\/lesmerveillesdechoupinou.fr\/index.php\/produit\/souris-grise-avec-robe\/#primaryimage\",\"url\":\"https:\/\/lesmerveillesdechoupinou.fr\/wp-content\/uploads\/2024\/11\/image0000041-2.jpeg\",\"contentUrl\":\"https:\/\/lesmerveillesdechoupinou.fr\/wp-content\/uploads\/2024\/11\/image0000041-2.jpeg\",\"width\":848,\"height\":1131},{\"@type\":\"BreadcrumbList\",\"@id\":\"https:\/\/lesmerveillesdechoupinou.fr\/index.php\/produit\/souris-grise-avec-robe\/#breadcrumb\",\"itemListElement\":[{\"@type\":\"ListItem\",\"position\":1,\"name\":\"Accueil\",\"item\":\"https:\/\/lesmerveillesdechoupinou.fr\/\"},{\"@type\":\"ListItem\",\"position\":2,\"name\":\"La boutique\",\"item\":\"https:\/\/lesmerveillesdechoupinou.fr\/index.php\/boutique\/\"},{\"@type\":\"ListItem\",\"position\":3,\"name\":\"Souris grise &#8211; Robe rose\"}]},{\"@type\":\"WebSite\",\"@id\":\"https:\/\/lesmerveillesdechoupinou.fr\/#website\",\"url\":\"https:\/\/lesmerveillesdechoupinou.fr\/\",\"name\":\"Les merveilles de choupinou\",\"description\":\"peluche fait main\",\"publisher\":{\"@id\":\"https:\/\/lesmerveillesdechoupinou.fr\/#organization\"},\"alternateName\":\"peluche au crochet\",\"potentialAction\":[{\"@type\":\"SearchAction\",\"target\":{\"@type\":\"EntryPoint\",\"urlTemplate\":\"https:\/\/lesmerveillesdechoupinou.fr\/?s={search_term_string}\"},\"query-input\":\"required name=search_term_string\"}],\"inLanguage\":\"fr-FR\"},{\"@type\":\"Organization\",\"@id\":\"https:\/\/lesmerveillesdechoupinou.fr\/#organization\",\"name\":\"Les merveilles de choupinou\",\"url\":\"https:\/\/lesmerveillesdechoupinou.fr\/\",\"logo\":{\"@type\":\"ImageObject\",\"inLanguage\":\"fr-FR\",\"@id\":\"https:\/\/lesmerveillesdechoupinou.fr\/#\/schema\/logo\/image\/\",\"url\":\"https:\/\/lesmerveillesdechoupinou.fr\/wp-content\/uploads\/2024\/07\/cropped-cropped-Choupinou-1.png\",\"contentUrl\":\"https:\/\/lesmerveillesdechoupinou.fr\/wp-content\/uploads\/2024\/07\/cropped-cropped-Choupinou-1.png\",\"width\":359,\"height\":330,\"caption\":\"Les merveilles de choupinou\"},\"image\":{\"@id\":\"https:\/\/lesmerveillesdechoupinou.fr\/#\/schema\/logo\/image\/\"}}]}<\/script>\n<!-- \/ Yoast SEO plugin. -->","yoast_head_json":{"title":"Souris grise - Robe rose - Les merveilles de choupinou","robots":{"index":"index","follow":"follow","max-snippet":"max-snippet:-1","max-image-preview":"max-image-preview:large","max-video-preview":"max-video-preview:-1"},"canonical":"https:\/\/lesmerveillesdechoupinou.fr\/index.php\/produit\/souris-grise-avec-robe\/","og_locale":"fr_FR","og_type":"article","og_title":"Souris grise - Robe rose - Les merveilles de choupinou","og_description":"\" D\u00e9couvrez une cr\u00e9ation unique et pleine de tendresse, faite \u00e0 la main avec amour dans le Cantal\"  D\u00e9tails de livraison :\u00a0   Livraison offerte d\u00e8s 80 \u20ac d'achat  Emballage soign\u00e9 et respectueux de l'environnement : chaque cr\u00e9ation est gliss\u00e9e dans un pochon enti\u00e8rement fait \u00e0 la main, r\u00e9utilisable pour transporter le go\u00fbter, les chaussons, un doudou ou encore le change de votre enfant.  \"Chaque cr\u00e9ation est r\u00e9alis\u00e9e \u00e0 la main sur commande : d\u00e9lai de confection de 8 jours\"","og_url":"https:\/\/lesmerveillesdechoupinou.fr\/index.php\/produit\/souris-grise-avec-robe\/","og_site_name":"Les merveilles de choupinou","article_modified_time":"2025-08-10T19:38:48+00:00","og_image":[{"width":848,"height":1131,"url":"https:\/\/lesmerveillesdechoupinou.fr\/wp-content\/uploads\/2024\/11\/image0000041-2.jpeg","type":"image\/jpeg"}],"twitter_card":"summary_large_image","twitter_misc":{"Dur\u00e9e de lecture estim\u00e9e":"2 minutes"},"schema":{"@context":"https:\/\/schema.org","@graph":[{"@type":"WebPage","@id":"https:\/\/lesmerveillesdechoupinou.fr\/index.php\/produit\/souris-grise-avec-robe\/","url":"https:\/\/lesmerveillesdechoupinou.fr\/index.php\/produit\/souris-grise-avec-robe\/","name":"Souris grise - Robe rose - Les merveilles de choupinou","isPartOf":{"@id":"https:\/\/lesmerveillesdechoupinou.fr\/#website"},"primaryImageOfPage":{"@id":"https:\/\/lesmerveillesdechoupinou.fr\/index.php\/produit\/souris-grise-avec-robe\/#primaryimage"},"image":{"@id":"https:\/\/lesmerveillesdechoupinou.fr\/index.php\/produit\/souris-grise-avec-robe\/#primaryimage"},"thumbnailUrl":"https:\/\/lesmerveillesdechoupinou.fr\/wp-content\/uploads\/2024\/11\/image0000041-2.jpeg","datePublished":"2024-11-08T11:59:19+00:00","dateModified":"2025-08-10T19:38:48+00:00","breadcrumb":{"@id":"https:\/\/lesmerveillesdechoupinou.fr\/index.php\/produit\/souris-grise-avec-robe\/#breadcrumb"},"inLanguage":"fr-FR","potentialAction":[{"@type":"ReadAction","target":["https:\/\/lesmerveillesdechoupinou.fr\/index.php\/produit\/souris-grise-avec-robe\/"]}]},{"@type":"ImageObject","inLanguage":"fr-FR","@id":"https:\/\/lesmerveillesdechoupinou.fr\/index.php\/produit\/souris-grise-avec-robe\/#primaryimage","url":"https:\/\/lesmerveillesdechoupinou.fr\/wp-content\/uploads\/2024\/11\/image0000041-2.jpeg","contentUrl":"https:\/\/lesmerveillesdechoupinou.fr\/wp-content\/uploads\/2024\/11\/image0000041-2.jpeg","width":848,"height":1131},{"@type":"BreadcrumbList","@id":"https:\/\/lesmerveillesdechoupinou.fr\/index.php\/produit\/souris-grise-avec-robe\/#breadcrumb","itemListElement":[{"@type":"ListItem","position":1,"name":"Accueil","item":"https:\/\/lesmerveillesdechoupinou.fr\/"},{"@type":"ListItem","position":2,"name":"La boutique","item":"https:\/\/lesmerveillesdechoupinou.fr\/index.php\/boutique\/"},{"@type":"ListItem","position":3,"name":"Souris grise &#8211; Robe rose"}]},{"@type":"WebSite","@id":"https:\/\/lesmerveillesdechoupinou.fr\/#website","url":"https:\/\/lesmerveillesdechoupinou.fr\/","name":"Les merveilles de choupinou","description":"peluche fait main","publisher":{"@id":"https:\/\/lesmerveillesdechoupinou.fr\/#organization"},"alternateName":"peluche au crochet","potentialAction":[{"@type":"SearchAction","target":{"@type":"EntryPoint","urlTemplate":"https:\/\/lesmerveillesdechoupinou.fr\/?s={search_term_string}"},"query-input":"required name=search_term_string"}],"inLanguage":"fr-FR"},{"@type":"Organization","@id":"https:\/\/lesmerveillesdechoupinou.fr\/#organization","name":"Les merveilles de choupinou","url":"https:\/\/lesmerveillesdechoupinou.fr\/","logo":{"@type":"ImageObject","inLanguage":"fr-FR","@id":"https:\/\/lesmerveillesdechoupinou.fr\/#\/schema\/logo\/image\/","url":"https:\/\/lesmerveillesdechoupinou.fr\/wp-content\/uploads\/2024\/07\/cropped-cropped-Choupinou-1.png","contentUrl":"https:\/\/lesmerveillesdechoupinou.fr\/wp-content\/uploads\/2024\/07\/cropped-cropped-Choupinou-1.png","width":359,"height":330,"caption":"Les merveilles de choupinou"},"image":{"@id":"https:\/\/lesmerveillesdechoupinou.fr\/#\/schema\/logo\/image\/"}}]}},"jetpack_sharing_enabled":true,"_links":{"self":[{"href":"https:\/\/lesmerveillesdechoupinou.fr\/index.php\/wp-json\/wp\/v2\/product\/1491","targetHints":{"allow":["GET"]}}],"collection":[{"href":"https:\/\/lesmerveillesdechoupinou.fr\/index.php\/wp-json\/wp\/v2\/product"}],"about":[{"href":"https:\/\/lesmerveillesdechoupinou.fr\/index.php\/wp-json\/wp\/v2\/types\/product"}],"replies":[{"embeddable":true,"href":"https:\/\/lesmerveillesdechoupinou.fr\/index.php\/wp-json\/wp\/v2\/comments?post=1491"}],"wp:featuredmedia":[{"embeddable":true,"href":"https:\/\/lesmerveillesdechoupinou.fr\/index.php\/wp-json\/wp\/v2\/media\/1492"}],"wp:attachment":[{"href":"https:\/\/lesmerveillesdechoupinou.fr\/index.php\/wp-json\/wp\/v2\/media?parent=1491"}],"wp:term":[{"taxonomy":"product_cat","embeddable":true,"href":"https:\/\/lesmerveillesdechoupinou.fr\/index.php\/wp-json\/wp\/v2\/product_cat?post=1491"},{"taxonomy":"product_tag","embeddable":true,"href":"https:\/\/lesmerveillesdechoupinou.fr\/index.php\/wp-json\/wp\/v2\/product_tag?post=1491"}],"curies":[{"name":"wp","href":"https:\/\/api.w.org\/{rel}","templated":true}]}}