{"id":2379,"date":"2025-11-30T13:27:25","date_gmt":"2025-11-30T12:27:25","guid":{"rendered":"https:\/\/lesmerveillesdechoupinou.fr\/?post_type=product&#038;p=2379"},"modified":"2025-11-30T18:49:50","modified_gmt":"2025-11-30T17:49:50","slug":"ourson-choupinou-2","status":"publish","type":"product","link":"https:\/\/lesmerveillesdechoupinou.fr\/index.php\/produit\/ourson-choupinou-2\/","title":{"rendered":"\u00ab\u00a0Choupinou l&rsquo;ourson\u00a0\u00bb  &#8211; Couleur Taupe"},"content":{"rendered":"<p><strong>Peluche \u00ab\u00a0Choupinou l&rsquo;ourson\u00a0\u00bb au crochet &#8211; Un compagnon doux et attachant\u00a0<\/strong><\/p>\n<p>Adoptez cet adorable petit ourson pr\u00e9nomm\u00e9 \u00ab\u00a0Choupinou\u00a0\u00bb fait main au crochet avec soin et passion. Avec son regard attendrissant et son toucher ultra doux, il deviendra vite le compagnon pr\u00e9f\u00e9r\u00e9 des petits comme des grands.<\/p>\n<p>\ud83e\uddf8 <b>Composition :<\/b><\/p>\n<p>Fabriqu\u00e9 en laine chenille Oeko tex \u00ae douce et s\u00e9curitaire, avec rembourrage 100% polyester. Ses yeux sont des yeux de s\u00e9curit\u00e9.<\/p>\n<p>\ud83d\udccf <strong>Dimensions<\/strong> :<\/p>\n<p>Le peluche mesure 32 cm.<\/p>\n<p>\ud83d\udca7<strong>Conseil d&rsquo;entretien<\/strong> :<\/p>\n<p>Lavage \u00e0 la main recommand\u00e9 ou en machine \u00e0 30\u00b0, mode d\u00e9licat. S\u00e9chez \u00e0 plat pour pr\u00e9server sa forme et sa douceur ( ne pas mettre au s\u00e8che linge).<\/p>\n<p><em>Les teintes peuvent diff\u00e9rer l\u00e9g\u00e8rement selon la luminosit\u00e9 et l&rsquo;angle de prise de vue.\u00a0<\/em><\/p>\n<p style=\"text-align: center;\"><b><i>\u00a0\u00bb D\u00e9couvrez une cr\u00e9ation unique et pleine de tendresse, faite \u00e0 la main avec amour dans le Cantal\u00a0\u00bb<\/i><\/b><\/p>\n","protected":false},"excerpt":{"rendered":"<p><b><i>\u00a0\u00bb D\u00e9couvrez une cr\u00e9ation unique et pleine de tendresse, faite \u00e0 la main avec amour dans le Cantal\u00a0\u00bb<\/i><\/b><\/p>\n<p><b>D\u00e9tails de livraison :\u00a0<\/b><\/p>\n<ul>\n<li>Livraison offerte d\u00e8s 80 \u20ac d&rsquo;achat<\/li>\n<li>Emballage soign\u00e9 et respectueux de l&rsquo;environnement : chaque cr\u00e9ation est gliss\u00e9e dans un pochon enti\u00e8rement fait \u00e0 la main, r\u00e9utilisable id\u00e9al pour ranger accessoires, chaussures ou encore v\u00eatements lors de vos d\u00e9placements.<\/li>\n<li>Afin de vous proposer des cr\u00e9ations soign\u00e9es et de qualit\u00e9, les stocks sont volontairement limit\u00e9s. De nouveaux coloris et mod\u00e8les font r\u00e9guli\u00e8rement leur apparition, au fil des saisons et des inspirations. N&rsquo;h\u00e9sitez pas \u00e0 suivre Les merveilles de choupinou sur les r\u00e9seaux sociaux pour \u00eatre inform\u00e9(e) des prochaines mises en ligne.<\/li>\n<\/ul>\n","protected":false},"featured_media":2440,"comment_status":"open","ping_status":"closed","template":"","meta":{"site-sidebar-layout":"default","site-content-layout":"","ast-site-content-layout":"default","site-content-style":"default","site-sidebar-style":"default","ast-global-header-display":"","ast-banner-title-visibility":"","ast-main-header-display":"","ast-hfb-above-header-display":"","ast-hfb-below-header-display":"","ast-hfb-mobile-header-display":"","site-post-title":"","ast-breadcrumbs-content":"","ast-featured-img":"","footer-sml-layout":"","theme-transparent-header-meta":"default","adv-header-id-meta":"","stick-header-meta":"","header-above-stick-meta":"","header-main-stick-meta":"","header-below-stick-meta":"","astra-migrate-meta-layouts":"set","ast-page-background-enabled":"default","ast-page-background-meta":{"desktop":{"background-color":"var(--ast-global-color-4)","background-image":"","background-repeat":"repeat","background-position":"center center","background-size":"auto","background-attachment":"scroll","background-type":"","background-media":"","overlay-type":"","overlay-color":"","overlay-opacity":"","overlay-gradient":""},"tablet":{"background-color":"","background-image":"","background-repeat":"repeat","background-position":"center center","background-size":"auto","background-attachment":"scroll","background-type":"","background-media":"","overlay-type":"","overlay-color":"","overlay-opacity":"","overlay-gradient":""},"mobile":{"background-color":"","background-image":"","background-repeat":"repeat","background-position":"center center","background-size":"auto","background-attachment":"scroll","background-type":"","background-media":"","overlay-type":"","overlay-color":"","overlay-opacity":"","overlay-gradient":""}},"ast-content-background-meta":{"desktop":{"background-color":"var(--ast-global-color-5)","background-image":"","background-repeat":"repeat","background-position":"center center","background-size":"auto","background-attachment":"scroll","background-type":"","background-media":"","overlay-type":"","overlay-color":"","overlay-opacity":"","overlay-gradient":""},"tablet":{"background-color":"var(--ast-global-color-5)","background-image":"","background-repeat":"repeat","background-position":"center center","background-size":"auto","background-attachment":"scroll","background-type":"","background-media":"","overlay-type":"","overlay-color":"","overlay-opacity":"","overlay-gradient":""},"mobile":{"background-color":"var(--ast-global-color-5)","background-image":"","background-repeat":"repeat","background-position":"center center","background-size":"auto","background-attachment":"scroll","background-type":"","background-media":"","overlay-type":"","overlay-color":"","overlay-opacity":"","overlay-gradient":""}}},"product_cat":[21],"product_tag":[],"class_list":{"0":"post-2379","1":"product","2":"type-product","3":"status-publish","4":"has-post-thumbnail","6":"product_cat-les-peluches","7":"desktop-align-left","8":"tablet-align-left","9":"mobile-align-left","11":"first","12":"instock","13":"shipping-taxable","14":"purchasable","15":"product-type-simple"},"yoast_head":"<!-- This site is optimized with the Yoast SEO plugin v23.2 - https:\/\/yoast.com\/wordpress\/plugins\/seo\/ -->\n<title>&quot;Choupinou l&#039;ourson&quot; - Couleur Taupe - Les merveilles de choupinou<\/title>\n<meta name=\"robots\" content=\"index, follow, max-snippet:-1, max-image-preview:large, max-video-preview:-1\" \/>\n<link rel=\"canonical\" href=\"https:\/\/lesmerveillesdechoupinou.fr\/index.php\/produit\/ourson-choupinou-2\/\" \/>\n<meta property=\"og:locale\" content=\"fr_FR\" \/>\n<meta property=\"og:type\" content=\"article\" \/>\n<meta property=\"og:title\" content=\"&quot;Choupinou l&#039;ourson&quot; - Couleur Taupe - Les merveilles de choupinou\" \/>\n<meta property=\"og:description\" content=\"&quot; D\u00e9couvrez une cr\u00e9ation unique et pleine de tendresse, faite \u00e0 la main avec amour dans le Cantal&quot;  D\u00e9tails de livraison :\u00a0   Livraison offerte d\u00e8s 80 \u20ac d&#039;achat  Emballage soign\u00e9 et respectueux de l&#039;environnement : chaque cr\u00e9ation est gliss\u00e9e dans un pochon enti\u00e8rement fait \u00e0 la main, r\u00e9utilisable id\u00e9al pour ranger accessoires, chaussures ou encore v\u00eatements lors de vos d\u00e9placements.  Afin de vous proposer des cr\u00e9ations soign\u00e9es et de qualit\u00e9, les stocks sont volontairement limit\u00e9s. De nouveaux coloris et mod\u00e8les font r\u00e9guli\u00e8rement leur apparition, au fil des saisons et des inspirations. N&#039;h\u00e9sitez pas \u00e0 suivre Les merveilles de choupinou sur les r\u00e9seaux sociaux pour \u00eatre inform\u00e9(e) des prochaines mises en ligne.\" \/>\n<meta property=\"og:url\" content=\"https:\/\/lesmerveillesdechoupinou.fr\/index.php\/produit\/ourson-choupinou-2\/\" \/>\n<meta property=\"og:site_name\" content=\"Les merveilles de choupinou\" \/>\n<meta property=\"article:modified_time\" content=\"2025-11-30T17:49:50+00:00\" \/>\n<meta property=\"og:image\" content=\"https:\/\/lesmerveillesdechoupinou.fr\/wp-content\/uploads\/2025\/11\/IMG_7972.jpeg\" \/>\n\t<meta property=\"og:image:width\" content=\"1242\" \/>\n\t<meta property=\"og:image:height\" content=\"2208\" \/>\n\t<meta property=\"og:image:type\" content=\"image\/jpeg\" \/>\n<meta name=\"twitter:card\" content=\"summary_large_image\" \/>\n<meta name=\"twitter:label1\" content=\"Dur\u00e9e de lecture estim\u00e9e\" \/>\n\t<meta name=\"twitter:data1\" content=\"1 minute\" \/>\n<script type=\"application\/ld+json\" class=\"yoast-schema-graph\">{\"@context\":\"https:\/\/schema.org\",\"@graph\":[{\"@type\":\"WebPage\",\"@id\":\"https:\/\/lesmerveillesdechoupinou.fr\/index.php\/produit\/ourson-choupinou-2\/\",\"url\":\"https:\/\/lesmerveillesdechoupinou.fr\/index.php\/produit\/ourson-choupinou-2\/\",\"name\":\"\\\"Choupinou l'ourson\\\" - Couleur Taupe - Les merveilles de choupinou\",\"isPartOf\":{\"@id\":\"https:\/\/lesmerveillesdechoupinou.fr\/#website\"},\"primaryImageOfPage\":{\"@id\":\"https:\/\/lesmerveillesdechoupinou.fr\/index.php\/produit\/ourson-choupinou-2\/#primaryimage\"},\"image\":{\"@id\":\"https:\/\/lesmerveillesdechoupinou.fr\/index.php\/produit\/ourson-choupinou-2\/#primaryimage\"},\"thumbnailUrl\":\"https:\/\/lesmerveillesdechoupinou.fr\/wp-content\/uploads\/2025\/11\/IMG_7972.jpeg\",\"datePublished\":\"2025-11-30T12:27:25+00:00\",\"dateModified\":\"2025-11-30T17:49:50+00:00\",\"breadcrumb\":{\"@id\":\"https:\/\/lesmerveillesdechoupinou.fr\/index.php\/produit\/ourson-choupinou-2\/#breadcrumb\"},\"inLanguage\":\"fr-FR\",\"potentialAction\":[{\"@type\":\"ReadAction\",\"target\":[\"https:\/\/lesmerveillesdechoupinou.fr\/index.php\/produit\/ourson-choupinou-2\/\"]}]},{\"@type\":\"ImageObject\",\"inLanguage\":\"fr-FR\",\"@id\":\"https:\/\/lesmerveillesdechoupinou.fr\/index.php\/produit\/ourson-choupinou-2\/#primaryimage\",\"url\":\"https:\/\/lesmerveillesdechoupinou.fr\/wp-content\/uploads\/2025\/11\/IMG_7972.jpeg\",\"contentUrl\":\"https:\/\/lesmerveillesdechoupinou.fr\/wp-content\/uploads\/2025\/11\/IMG_7972.jpeg\",\"width\":1242,\"height\":2208,\"caption\":\"CjYKMlNuYXBjaGF0LzEzLjY4LjAuNTQgKGlQaG9uZTE1LDU7IGlPUyAxNy4yLjE7IGd6aXApIAI=\"},{\"@type\":\"BreadcrumbList\",\"@id\":\"https:\/\/lesmerveillesdechoupinou.fr\/index.php\/produit\/ourson-choupinou-2\/#breadcrumb\",\"itemListElement\":[{\"@type\":\"ListItem\",\"position\":1,\"name\":\"Accueil\",\"item\":\"https:\/\/lesmerveillesdechoupinou.fr\/\"},{\"@type\":\"ListItem\",\"position\":2,\"name\":\"La boutique\",\"item\":\"https:\/\/lesmerveillesdechoupinou.fr\/index.php\/boutique\/\"},{\"@type\":\"ListItem\",\"position\":3,\"name\":\"&#8220;Choupinou l&#8217;ourson&#8221; &#8211; Couleur Taupe\"}]},{\"@type\":\"WebSite\",\"@id\":\"https:\/\/lesmerveillesdechoupinou.fr\/#website\",\"url\":\"https:\/\/lesmerveillesdechoupinou.fr\/\",\"name\":\"Les merveilles de choupinou\",\"description\":\"peluche fait main\",\"publisher\":{\"@id\":\"https:\/\/lesmerveillesdechoupinou.fr\/#organization\"},\"alternateName\":\"peluche au crochet\",\"potentialAction\":[{\"@type\":\"SearchAction\",\"target\":{\"@type\":\"EntryPoint\",\"urlTemplate\":\"https:\/\/lesmerveillesdechoupinou.fr\/?s={search_term_string}\"},\"query-input\":\"required name=search_term_string\"}],\"inLanguage\":\"fr-FR\"},{\"@type\":\"Organization\",\"@id\":\"https:\/\/lesmerveillesdechoupinou.fr\/#organization\",\"name\":\"Les merveilles de choupinou\",\"url\":\"https:\/\/lesmerveillesdechoupinou.fr\/\",\"logo\":{\"@type\":\"ImageObject\",\"inLanguage\":\"fr-FR\",\"@id\":\"https:\/\/lesmerveillesdechoupinou.fr\/#\/schema\/logo\/image\/\",\"url\":\"https:\/\/lesmerveillesdechoupinou.fr\/wp-content\/uploads\/2024\/07\/cropped-cropped-Choupinou-1.png\",\"contentUrl\":\"https:\/\/lesmerveillesdechoupinou.fr\/wp-content\/uploads\/2024\/07\/cropped-cropped-Choupinou-1.png\",\"width\":359,\"height\":330,\"caption\":\"Les merveilles de choupinou\"},\"image\":{\"@id\":\"https:\/\/lesmerveillesdechoupinou.fr\/#\/schema\/logo\/image\/\"}}]}<\/script>\n<!-- \/ Yoast SEO plugin. -->","yoast_head_json":{"title":"\"Choupinou l'ourson\" - Couleur Taupe - Les merveilles de choupinou","robots":{"index":"index","follow":"follow","max-snippet":"max-snippet:-1","max-image-preview":"max-image-preview:large","max-video-preview":"max-video-preview:-1"},"canonical":"https:\/\/lesmerveillesdechoupinou.fr\/index.php\/produit\/ourson-choupinou-2\/","og_locale":"fr_FR","og_type":"article","og_title":"\"Choupinou l'ourson\" - Couleur Taupe - Les merveilles de choupinou","og_description":"\" D\u00e9couvrez une cr\u00e9ation unique et pleine de tendresse, faite \u00e0 la main avec amour dans le Cantal\"  D\u00e9tails de livraison :\u00a0   Livraison offerte d\u00e8s 80 \u20ac d'achat  Emballage soign\u00e9 et respectueux de l'environnement : chaque cr\u00e9ation est gliss\u00e9e dans un pochon enti\u00e8rement fait \u00e0 la main, r\u00e9utilisable id\u00e9al pour ranger accessoires, chaussures ou encore v\u00eatements lors de vos d\u00e9placements.  Afin de vous proposer des cr\u00e9ations soign\u00e9es et de qualit\u00e9, les stocks sont volontairement limit\u00e9s. De nouveaux coloris et mod\u00e8les font r\u00e9guli\u00e8rement leur apparition, au fil des saisons et des inspirations. N'h\u00e9sitez pas \u00e0 suivre Les merveilles de choupinou sur les r\u00e9seaux sociaux pour \u00eatre inform\u00e9(e) des prochaines mises en ligne.","og_url":"https:\/\/lesmerveillesdechoupinou.fr\/index.php\/produit\/ourson-choupinou-2\/","og_site_name":"Les merveilles de choupinou","article_modified_time":"2025-11-30T17:49:50+00:00","og_image":[{"width":1242,"height":2208,"url":"https:\/\/lesmerveillesdechoupinou.fr\/wp-content\/uploads\/2025\/11\/IMG_7972.jpeg","type":"image\/jpeg"}],"twitter_card":"summary_large_image","twitter_misc":{"Dur\u00e9e de lecture estim\u00e9e":"1 minute"},"schema":{"@context":"https:\/\/schema.org","@graph":[{"@type":"WebPage","@id":"https:\/\/lesmerveillesdechoupinou.fr\/index.php\/produit\/ourson-choupinou-2\/","url":"https:\/\/lesmerveillesdechoupinou.fr\/index.php\/produit\/ourson-choupinou-2\/","name":"\"Choupinou l'ourson\" - Couleur Taupe - Les merveilles de choupinou","isPartOf":{"@id":"https:\/\/lesmerveillesdechoupinou.fr\/#website"},"primaryImageOfPage":{"@id":"https:\/\/lesmerveillesdechoupinou.fr\/index.php\/produit\/ourson-choupinou-2\/#primaryimage"},"image":{"@id":"https:\/\/lesmerveillesdechoupinou.fr\/index.php\/produit\/ourson-choupinou-2\/#primaryimage"},"thumbnailUrl":"https:\/\/lesmerveillesdechoupinou.fr\/wp-content\/uploads\/2025\/11\/IMG_7972.jpeg","datePublished":"2025-11-30T12:27:25+00:00","dateModified":"2025-11-30T17:49:50+00:00","breadcrumb":{"@id":"https:\/\/lesmerveillesdechoupinou.fr\/index.php\/produit\/ourson-choupinou-2\/#breadcrumb"},"inLanguage":"fr-FR","potentialAction":[{"@type":"ReadAction","target":["https:\/\/lesmerveillesdechoupinou.fr\/index.php\/produit\/ourson-choupinou-2\/"]}]},{"@type":"ImageObject","inLanguage":"fr-FR","@id":"https:\/\/lesmerveillesdechoupinou.fr\/index.php\/produit\/ourson-choupinou-2\/#primaryimage","url":"https:\/\/lesmerveillesdechoupinou.fr\/wp-content\/uploads\/2025\/11\/IMG_7972.jpeg","contentUrl":"https:\/\/lesmerveillesdechoupinou.fr\/wp-content\/uploads\/2025\/11\/IMG_7972.jpeg","width":1242,"height":2208,"caption":"CjYKMlNuYXBjaGF0LzEzLjY4LjAuNTQgKGlQaG9uZTE1LDU7IGlPUyAxNy4yLjE7IGd6aXApIAI="},{"@type":"BreadcrumbList","@id":"https:\/\/lesmerveillesdechoupinou.fr\/index.php\/produit\/ourson-choupinou-2\/#breadcrumb","itemListElement":[{"@type":"ListItem","position":1,"name":"Accueil","item":"https:\/\/lesmerveillesdechoupinou.fr\/"},{"@type":"ListItem","position":2,"name":"La boutique","item":"https:\/\/lesmerveillesdechoupinou.fr\/index.php\/boutique\/"},{"@type":"ListItem","position":3,"name":"&#8220;Choupinou l&#8217;ourson&#8221; &#8211; Couleur Taupe"}]},{"@type":"WebSite","@id":"https:\/\/lesmerveillesdechoupinou.fr\/#website","url":"https:\/\/lesmerveillesdechoupinou.fr\/","name":"Les merveilles de choupinou","description":"peluche fait main","publisher":{"@id":"https:\/\/lesmerveillesdechoupinou.fr\/#organization"},"alternateName":"peluche au crochet","potentialAction":[{"@type":"SearchAction","target":{"@type":"EntryPoint","urlTemplate":"https:\/\/lesmerveillesdechoupinou.fr\/?s={search_term_string}"},"query-input":"required name=search_term_string"}],"inLanguage":"fr-FR"},{"@type":"Organization","@id":"https:\/\/lesmerveillesdechoupinou.fr\/#organization","name":"Les merveilles de choupinou","url":"https:\/\/lesmerveillesdechoupinou.fr\/","logo":{"@type":"ImageObject","inLanguage":"fr-FR","@id":"https:\/\/lesmerveillesdechoupinou.fr\/#\/schema\/logo\/image\/","url":"https:\/\/lesmerveillesdechoupinou.fr\/wp-content\/uploads\/2024\/07\/cropped-cropped-Choupinou-1.png","contentUrl":"https:\/\/lesmerveillesdechoupinou.fr\/wp-content\/uploads\/2024\/07\/cropped-cropped-Choupinou-1.png","width":359,"height":330,"caption":"Les merveilles de choupinou"},"image":{"@id":"https:\/\/lesmerveillesdechoupinou.fr\/#\/schema\/logo\/image\/"}}]}},"jetpack_sharing_enabled":true,"_links":{"self":[{"href":"https:\/\/lesmerveillesdechoupinou.fr\/index.php\/wp-json\/wp\/v2\/product\/2379","targetHints":{"allow":["GET"]}}],"collection":[{"href":"https:\/\/lesmerveillesdechoupinou.fr\/index.php\/wp-json\/wp\/v2\/product"}],"about":[{"href":"https:\/\/lesmerveillesdechoupinou.fr\/index.php\/wp-json\/wp\/v2\/types\/product"}],"replies":[{"embeddable":true,"href":"https:\/\/lesmerveillesdechoupinou.fr\/index.php\/wp-json\/wp\/v2\/comments?post=2379"}],"wp:featuredmedia":[{"embeddable":true,"href":"https:\/\/lesmerveillesdechoupinou.fr\/index.php\/wp-json\/wp\/v2\/media\/2440"}],"wp:attachment":[{"href":"https:\/\/lesmerveillesdechoupinou.fr\/index.php\/wp-json\/wp\/v2\/media?parent=2379"}],"wp:term":[{"taxonomy":"product_cat","embeddable":true,"href":"https:\/\/lesmerveillesdechoupinou.fr\/index.php\/wp-json\/wp\/v2\/product_cat?post=2379"},{"taxonomy":"product_tag","embeddable":true,"href":"https:\/\/lesmerveillesdechoupinou.fr\/index.php\/wp-json\/wp\/v2\/product_tag?post=2379"}],"curies":[{"name":"wp","href":"https:\/\/api.w.org\/{rel}","templated":true}]}}