{"id":970,"date":"2024-10-01T18:22:04","date_gmt":"2024-10-01T16:22:04","guid":{"rendered":"https:\/\/lesmerveillesdechoupinou.fr\/?post_type=product&#038;p=970"},"modified":"2025-08-10T21:39:39","modified_gmt":"2025-08-10T19:39:39","slug":"willow-le-petit-cerf","status":"publish","type":"product","link":"https:\/\/lesmerveillesdechoupinou.fr\/index.php\/produit\/willow-le-petit-cerf\/","title":{"rendered":"Willow le Petit renne"},"content":{"rendered":"<p><strong>Willow le petit renne au crochet &#8211; Tendresse et complicit\u00e9<\/strong><\/p>\n<p>Willow, est un adorable petit renne crochet\u00e9 \u00e0 la main qui est pr\u00eat \u00e0 apporter douceur et magie. Fabriqu\u00e9 avec amour et attention du d\u00e9tails, il apporte une touche de charme et de tendresse \u00e0 chaque occasion, que ce soit pour un cadeau ou pour compl\u00e9ter la d\u00e9coration d&rsquo;une chambre d&rsquo;enfant.<\/p>\n<h6><\/h6>\n<p><strong>\ud83e\uddf8 \u00a0Composition :<\/strong><\/p>\n<p>Il est con\u00e7u avec de la laine chenille Oeko tex \u00ae et est rempli d&rsquo;un rembourrage 100% polyester. Ses \u00a0yeux et son nez sont des \u00e9l\u00e9ments de s\u00e9curit\u00e9.<\/p>\n<p><strong><span class=\"Apple-converted-space\">\ud83d\udccf \u00a0<\/span>Dimensions :<\/strong><\/p>\n<p>Willow mesure 30 cm de hauteur (debout)<\/p>\n<p>\ud83d\udca7<strong>Conseils\u00a0d&rsquo;entretien :<\/strong><\/p>\n<p>Willow adore les lavages doux ! Je recommande de la laver \u00e0 la main, mais il peut aussi passer en machine a 30\u00b0 en mode d\u00e9licat. S\u00e9chez-le a plat, et n&rsquo;oubliez pas de lui remettre les bras et les oreilles en place apr\u00e8s son bain<\/p>\n<p><em>Les teintes peuvent diff\u00e9rer l\u00e9g\u00e8rement selon la luminosit\u00e9 et l&rsquo;angle de prise de vue.<\/em><\/p>\n<p>&nbsp;<\/p>\n<p style=\"text-align: center;\"><em><strong><i>\u00ab\u00a0Chaque peluche est fabriqu\u00e9e dans mon atelier avec une attention particuli\u00e8re \u00e0 chaque d\u00e9tail\u00a0\u00bb\u00a0<\/i><\/strong><\/em><\/p>\n","protected":false},"excerpt":{"rendered":"<p>\u00a0\u00bb D\u00e9couvrez une cr\u00e9ation unique et pleine de tendresse, faite \u00e0 la main avec amour dans le Cantal\u00a0\u00bb<\/p>\n<p><b>D\u00e9tails de livraison :\u00a0<\/b><\/p>\n<ul>\n<li>Livraison offerte d\u00e8s 80 \u20ac d&rsquo;achat<\/li>\n<li>Emballage soign\u00e9 et respectueux de l&rsquo;environnement : chaque cr\u00e9ation est gliss\u00e9e dans un pochon enti\u00e8rement fait \u00e0 la main, r\u00e9utilisable pour transporter le go\u00fbter, les chaussons, un doudou ou encore le change de votre enfant.<\/li>\n<li>\u00ab\u00a0Chaque cr\u00e9ation est r\u00e9alis\u00e9e \u00e0 la main sur commande : d\u00e9lai de confection de 8 jours\u00a0\u00bb<\/li>\n<\/ul>\n","protected":false},"featured_media":1093,"comment_status":"open","ping_status":"closed","template":"","meta":{"site-sidebar-layout":"default","site-content-layout":"","ast-site-content-layout":"default","site-content-style":"default","site-sidebar-style":"default","ast-global-header-display":"","ast-banner-title-visibility":"","ast-main-header-display":"","ast-hfb-above-header-display":"","ast-hfb-below-header-display":"","ast-hfb-mobile-header-display":"","site-post-title":"","ast-breadcrumbs-content":"","ast-featured-img":"","footer-sml-layout":"","theme-transparent-header-meta":"default","adv-header-id-meta":"","stick-header-meta":"","header-above-stick-meta":"","header-main-stick-meta":"","header-below-stick-meta":"","astra-migrate-meta-layouts":"set","ast-page-background-enabled":"default","ast-page-background-meta":{"desktop":{"background-color":"var(--ast-global-color-4)","background-image":"","background-repeat":"repeat","background-position":"center center","background-size":"auto","background-attachment":"scroll","background-type":"","background-media":"","overlay-type":"","overlay-color":"","overlay-opacity":"","overlay-gradient":""},"tablet":{"background-color":"","background-image":"","background-repeat":"repeat","background-position":"center center","background-size":"auto","background-attachment":"scroll","background-type":"","background-media":"","overlay-type":"","overlay-color":"","overlay-opacity":"","overlay-gradient":""},"mobile":{"background-color":"","background-image":"","background-repeat":"repeat","background-position":"center center","background-size":"auto","background-attachment":"scroll","background-type":"","background-media":"","overlay-type":"","overlay-color":"","overlay-opacity":"","overlay-gradient":""}},"ast-content-background-meta":{"desktop":{"background-color":"var(--ast-global-color-5)","background-image":"","background-repeat":"repeat","background-position":"center center","background-size":"auto","background-attachment":"scroll","background-type":"","background-media":"","overlay-type":"","overlay-color":"","overlay-opacity":"","overlay-gradient":""},"tablet":{"background-color":"var(--ast-global-color-5)","background-image":"","background-repeat":"repeat","background-position":"center center","background-size":"auto","background-attachment":"scroll","background-type":"","background-media":"","overlay-type":"","overlay-color":"","overlay-opacity":"","overlay-gradient":""},"mobile":{"background-color":"var(--ast-global-color-5)","background-image":"","background-repeat":"repeat","background-position":"center center","background-size":"auto","background-attachment":"scroll","background-type":"","background-media":"","overlay-type":"","overlay-color":"","overlay-opacity":"","overlay-gradient":""}}},"product_cat":[21],"product_tag":[],"class_list":{"0":"post-970","1":"product","2":"type-product","3":"status-publish","4":"has-post-thumbnail","6":"product_cat-les-peluches","7":"desktop-align-left","8":"tablet-align-left","9":"mobile-align-left","11":"first","12":"instock","13":"shipping-taxable","14":"purchasable","15":"product-type-simple"},"yoast_head":"<!-- This site is optimized with the Yoast SEO plugin v23.2 - https:\/\/yoast.com\/wordpress\/plugins\/seo\/ -->\n<title>Willow le Petit renne - Les merveilles de choupinou<\/title>\n<meta name=\"robots\" content=\"index, follow, max-snippet:-1, max-image-preview:large, max-video-preview:-1\" \/>\n<link rel=\"canonical\" href=\"https:\/\/lesmerveillesdechoupinou.fr\/index.php\/produit\/willow-le-petit-cerf\/\" \/>\n<meta property=\"og:locale\" content=\"fr_FR\" \/>\n<meta property=\"og:type\" content=\"article\" \/>\n<meta property=\"og:title\" content=\"Willow le Petit renne - Les merveilles de choupinou\" \/>\n<meta property=\"og:description\" content=\"&quot; D\u00e9couvrez une cr\u00e9ation unique et pleine de tendresse, faite \u00e0 la main avec amour dans le Cantal&quot;  D\u00e9tails de livraison :\u00a0   Livraison offerte d\u00e8s 80 \u20ac d&#039;achat  Emballage soign\u00e9 et respectueux de l&#039;environnement : chaque cr\u00e9ation est gliss\u00e9e dans un pochon enti\u00e8rement fait \u00e0 la main, r\u00e9utilisable pour transporter le go\u00fbter, les chaussons, un doudou ou encore le change de votre enfant.  &quot;Chaque cr\u00e9ation est r\u00e9alis\u00e9e \u00e0 la main sur commande : d\u00e9lai de confection de 8 jours&quot;\" \/>\n<meta property=\"og:url\" content=\"https:\/\/lesmerveillesdechoupinou.fr\/index.php\/produit\/willow-le-petit-cerf\/\" \/>\n<meta property=\"og:site_name\" content=\"Les merveilles de choupinou\" \/>\n<meta property=\"article:modified_time\" content=\"2025-08-10T19:39:39+00:00\" \/>\n<meta property=\"og:image\" content=\"https:\/\/lesmerveillesdechoupinou.fr\/wp-content\/uploads\/2024\/10\/IMG_1109-scaled.jpeg\" \/>\n\t<meta property=\"og:image:width\" content=\"1920\" \/>\n\t<meta property=\"og:image:height\" content=\"2560\" \/>\n\t<meta property=\"og:image:type\" content=\"image\/jpeg\" \/>\n<meta name=\"twitter:card\" content=\"summary_large_image\" \/>\n<meta name=\"twitter:label1\" content=\"Dur\u00e9e de lecture estim\u00e9e\" \/>\n\t<meta name=\"twitter:data1\" content=\"2 minutes\" \/>\n<script type=\"application\/ld+json\" class=\"yoast-schema-graph\">{\"@context\":\"https:\/\/schema.org\",\"@graph\":[{\"@type\":\"WebPage\",\"@id\":\"https:\/\/lesmerveillesdechoupinou.fr\/index.php\/produit\/willow-le-petit-cerf\/\",\"url\":\"https:\/\/lesmerveillesdechoupinou.fr\/index.php\/produit\/willow-le-petit-cerf\/\",\"name\":\"Willow le Petit renne - Les merveilles de choupinou\",\"isPartOf\":{\"@id\":\"https:\/\/lesmerveillesdechoupinou.fr\/#website\"},\"primaryImageOfPage\":{\"@id\":\"https:\/\/lesmerveillesdechoupinou.fr\/index.php\/produit\/willow-le-petit-cerf\/#primaryimage\"},\"image\":{\"@id\":\"https:\/\/lesmerveillesdechoupinou.fr\/index.php\/produit\/willow-le-petit-cerf\/#primaryimage\"},\"thumbnailUrl\":\"https:\/\/lesmerveillesdechoupinou.fr\/wp-content\/uploads\/2024\/10\/IMG_1109-scaled.jpeg\",\"datePublished\":\"2024-10-01T16:22:04+00:00\",\"dateModified\":\"2025-08-10T19:39:39+00:00\",\"breadcrumb\":{\"@id\":\"https:\/\/lesmerveillesdechoupinou.fr\/index.php\/produit\/willow-le-petit-cerf\/#breadcrumb\"},\"inLanguage\":\"fr-FR\",\"potentialAction\":[{\"@type\":\"ReadAction\",\"target\":[\"https:\/\/lesmerveillesdechoupinou.fr\/index.php\/produit\/willow-le-petit-cerf\/\"]}]},{\"@type\":\"ImageObject\",\"inLanguage\":\"fr-FR\",\"@id\":\"https:\/\/lesmerveillesdechoupinou.fr\/index.php\/produit\/willow-le-petit-cerf\/#primaryimage\",\"url\":\"https:\/\/lesmerveillesdechoupinou.fr\/wp-content\/uploads\/2024\/10\/IMG_1109-scaled.jpeg\",\"contentUrl\":\"https:\/\/lesmerveillesdechoupinou.fr\/wp-content\/uploads\/2024\/10\/IMG_1109-scaled.jpeg\",\"width\":1920,\"height\":2560},{\"@type\":\"BreadcrumbList\",\"@id\":\"https:\/\/lesmerveillesdechoupinou.fr\/index.php\/produit\/willow-le-petit-cerf\/#breadcrumb\",\"itemListElement\":[{\"@type\":\"ListItem\",\"position\":1,\"name\":\"Accueil\",\"item\":\"https:\/\/lesmerveillesdechoupinou.fr\/\"},{\"@type\":\"ListItem\",\"position\":2,\"name\":\"La boutique\",\"item\":\"https:\/\/lesmerveillesdechoupinou.fr\/index.php\/boutique\/\"},{\"@type\":\"ListItem\",\"position\":3,\"name\":\"Willow le Petit renne\"}]},{\"@type\":\"WebSite\",\"@id\":\"https:\/\/lesmerveillesdechoupinou.fr\/#website\",\"url\":\"https:\/\/lesmerveillesdechoupinou.fr\/\",\"name\":\"Les merveilles de choupinou\",\"description\":\"peluche fait main\",\"publisher\":{\"@id\":\"https:\/\/lesmerveillesdechoupinou.fr\/#organization\"},\"alternateName\":\"peluche au crochet\",\"potentialAction\":[{\"@type\":\"SearchAction\",\"target\":{\"@type\":\"EntryPoint\",\"urlTemplate\":\"https:\/\/lesmerveillesdechoupinou.fr\/?s={search_term_string}\"},\"query-input\":\"required name=search_term_string\"}],\"inLanguage\":\"fr-FR\"},{\"@type\":\"Organization\",\"@id\":\"https:\/\/lesmerveillesdechoupinou.fr\/#organization\",\"name\":\"Les merveilles de choupinou\",\"url\":\"https:\/\/lesmerveillesdechoupinou.fr\/\",\"logo\":{\"@type\":\"ImageObject\",\"inLanguage\":\"fr-FR\",\"@id\":\"https:\/\/lesmerveillesdechoupinou.fr\/#\/schema\/logo\/image\/\",\"url\":\"https:\/\/lesmerveillesdechoupinou.fr\/wp-content\/uploads\/2024\/07\/cropped-cropped-Choupinou-1.png\",\"contentUrl\":\"https:\/\/lesmerveillesdechoupinou.fr\/wp-content\/uploads\/2024\/07\/cropped-cropped-Choupinou-1.png\",\"width\":359,\"height\":330,\"caption\":\"Les merveilles de choupinou\"},\"image\":{\"@id\":\"https:\/\/lesmerveillesdechoupinou.fr\/#\/schema\/logo\/image\/\"}}]}<\/script>\n<!-- \/ Yoast SEO plugin. -->","yoast_head_json":{"title":"Willow le Petit renne - Les merveilles de choupinou","robots":{"index":"index","follow":"follow","max-snippet":"max-snippet:-1","max-image-preview":"max-image-preview:large","max-video-preview":"max-video-preview:-1"},"canonical":"https:\/\/lesmerveillesdechoupinou.fr\/index.php\/produit\/willow-le-petit-cerf\/","og_locale":"fr_FR","og_type":"article","og_title":"Willow le Petit renne - Les merveilles de choupinou","og_description":"\" D\u00e9couvrez une cr\u00e9ation unique et pleine de tendresse, faite \u00e0 la main avec amour dans le Cantal\"  D\u00e9tails de livraison :\u00a0   Livraison offerte d\u00e8s 80 \u20ac d'achat  Emballage soign\u00e9 et respectueux de l'environnement : chaque cr\u00e9ation est gliss\u00e9e dans un pochon enti\u00e8rement fait \u00e0 la main, r\u00e9utilisable pour transporter le go\u00fbter, les chaussons, un doudou ou encore le change de votre enfant.  \"Chaque cr\u00e9ation est r\u00e9alis\u00e9e \u00e0 la main sur commande : d\u00e9lai de confection de 8 jours\"","og_url":"https:\/\/lesmerveillesdechoupinou.fr\/index.php\/produit\/willow-le-petit-cerf\/","og_site_name":"Les merveilles de choupinou","article_modified_time":"2025-08-10T19:39:39+00:00","og_image":[{"width":1920,"height":2560,"url":"https:\/\/lesmerveillesdechoupinou.fr\/wp-content\/uploads\/2024\/10\/IMG_1109-scaled.jpeg","type":"image\/jpeg"}],"twitter_card":"summary_large_image","twitter_misc":{"Dur\u00e9e de lecture estim\u00e9e":"2 minutes"},"schema":{"@context":"https:\/\/schema.org","@graph":[{"@type":"WebPage","@id":"https:\/\/lesmerveillesdechoupinou.fr\/index.php\/produit\/willow-le-petit-cerf\/","url":"https:\/\/lesmerveillesdechoupinou.fr\/index.php\/produit\/willow-le-petit-cerf\/","name":"Willow le Petit renne - Les merveilles de choupinou","isPartOf":{"@id":"https:\/\/lesmerveillesdechoupinou.fr\/#website"},"primaryImageOfPage":{"@id":"https:\/\/lesmerveillesdechoupinou.fr\/index.php\/produit\/willow-le-petit-cerf\/#primaryimage"},"image":{"@id":"https:\/\/lesmerveillesdechoupinou.fr\/index.php\/produit\/willow-le-petit-cerf\/#primaryimage"},"thumbnailUrl":"https:\/\/lesmerveillesdechoupinou.fr\/wp-content\/uploads\/2024\/10\/IMG_1109-scaled.jpeg","datePublished":"2024-10-01T16:22:04+00:00","dateModified":"2025-08-10T19:39:39+00:00","breadcrumb":{"@id":"https:\/\/lesmerveillesdechoupinou.fr\/index.php\/produit\/willow-le-petit-cerf\/#breadcrumb"},"inLanguage":"fr-FR","potentialAction":[{"@type":"ReadAction","target":["https:\/\/lesmerveillesdechoupinou.fr\/index.php\/produit\/willow-le-petit-cerf\/"]}]},{"@type":"ImageObject","inLanguage":"fr-FR","@id":"https:\/\/lesmerveillesdechoupinou.fr\/index.php\/produit\/willow-le-petit-cerf\/#primaryimage","url":"https:\/\/lesmerveillesdechoupinou.fr\/wp-content\/uploads\/2024\/10\/IMG_1109-scaled.jpeg","contentUrl":"https:\/\/lesmerveillesdechoupinou.fr\/wp-content\/uploads\/2024\/10\/IMG_1109-scaled.jpeg","width":1920,"height":2560},{"@type":"BreadcrumbList","@id":"https:\/\/lesmerveillesdechoupinou.fr\/index.php\/produit\/willow-le-petit-cerf\/#breadcrumb","itemListElement":[{"@type":"ListItem","position":1,"name":"Accueil","item":"https:\/\/lesmerveillesdechoupinou.fr\/"},{"@type":"ListItem","position":2,"name":"La boutique","item":"https:\/\/lesmerveillesdechoupinou.fr\/index.php\/boutique\/"},{"@type":"ListItem","position":3,"name":"Willow le Petit renne"}]},{"@type":"WebSite","@id":"https:\/\/lesmerveillesdechoupinou.fr\/#website","url":"https:\/\/lesmerveillesdechoupinou.fr\/","name":"Les merveilles de choupinou","description":"peluche fait main","publisher":{"@id":"https:\/\/lesmerveillesdechoupinou.fr\/#organization"},"alternateName":"peluche au crochet","potentialAction":[{"@type":"SearchAction","target":{"@type":"EntryPoint","urlTemplate":"https:\/\/lesmerveillesdechoupinou.fr\/?s={search_term_string}"},"query-input":"required name=search_term_string"}],"inLanguage":"fr-FR"},{"@type":"Organization","@id":"https:\/\/lesmerveillesdechoupinou.fr\/#organization","name":"Les merveilles de choupinou","url":"https:\/\/lesmerveillesdechoupinou.fr\/","logo":{"@type":"ImageObject","inLanguage":"fr-FR","@id":"https:\/\/lesmerveillesdechoupinou.fr\/#\/schema\/logo\/image\/","url":"https:\/\/lesmerveillesdechoupinou.fr\/wp-content\/uploads\/2024\/07\/cropped-cropped-Choupinou-1.png","contentUrl":"https:\/\/lesmerveillesdechoupinou.fr\/wp-content\/uploads\/2024\/07\/cropped-cropped-Choupinou-1.png","width":359,"height":330,"caption":"Les merveilles de choupinou"},"image":{"@id":"https:\/\/lesmerveillesdechoupinou.fr\/#\/schema\/logo\/image\/"}}]}},"jetpack_sharing_enabled":true,"_links":{"self":[{"href":"https:\/\/lesmerveillesdechoupinou.fr\/index.php\/wp-json\/wp\/v2\/product\/970","targetHints":{"allow":["GET"]}}],"collection":[{"href":"https:\/\/lesmerveillesdechoupinou.fr\/index.php\/wp-json\/wp\/v2\/product"}],"about":[{"href":"https:\/\/lesmerveillesdechoupinou.fr\/index.php\/wp-json\/wp\/v2\/types\/product"}],"replies":[{"embeddable":true,"href":"https:\/\/lesmerveillesdechoupinou.fr\/index.php\/wp-json\/wp\/v2\/comments?post=970"}],"wp:featuredmedia":[{"embeddable":true,"href":"https:\/\/lesmerveillesdechoupinou.fr\/index.php\/wp-json\/wp\/v2\/media\/1093"}],"wp:attachment":[{"href":"https:\/\/lesmerveillesdechoupinou.fr\/index.php\/wp-json\/wp\/v2\/media?parent=970"}],"wp:term":[{"taxonomy":"product_cat","embeddable":true,"href":"https:\/\/lesmerveillesdechoupinou.fr\/index.php\/wp-json\/wp\/v2\/product_cat?post=970"},{"taxonomy":"product_tag","embeddable":true,"href":"https:\/\/lesmerveillesdechoupinou.fr\/index.php\/wp-json\/wp\/v2\/product_tag?post=970"}],"curies":[{"name":"wp","href":"https:\/\/api.w.org\/{rel}","templated":true}]}}